{"id":8058,"date":"2026-03-16T08:29:29","date_gmt":"2026-03-16T07:29:29","guid":{"rendered":"http:\/\/cws.www.civilnova.com\/?page_id=8058"},"modified":"2026-03-26T10:57:57","modified_gmt":"2026-03-26T09:57:57","slug":"trazabillidad","status":"publish","type":"page","link":"https:\/\/cws.www.civilnova.com\/en\/trazabillidad\/","title":{"rendered":"Trazabillidad"},"content":{"rendered":"<div data-elementor-type=\"wp-page\" data-elementor-id=\"8058\" class=\"elementor elementor-8058\">\n\t\t\t\t<div class=\"elementor-element elementor-element-41bd74f e-flex e-con-boxed e-con e-parent\" data-id=\"41bd74f\" data-element_type=\"container\" data-e-type=\"container\">\n\t\t\t\t\t<div class=\"e-con-inner\">\n\t\t\t\t<div class=\"elementor-element elementor-element-6e4603a elementor-widget elementor-widget-heading\" data-id=\"6e4603a\" data-element_type=\"widget\" data-e-type=\"widget\" data-widget_type=\"heading.default\">\n\t\t\t\t\t<h1 class=\"elementor-heading-title elementor-size-default\">Traceability<\/h1>\t\t\t\t<\/div>\n\t\t\t\t\t<\/div>\n\t\t\t\t<\/div>\n\t\t<div class=\"elementor-element elementor-element-a0cd8e2 e-flex e-con-boxed e-con e-parent\" data-id=\"a0cd8e2\" data-element_type=\"container\" data-e-type=\"container\">\n\t\t\t\t\t<div class=\"e-con-inner\">\n\t\t\t\t<div class=\"elementor-element elementor-element-21686ab elementor-widget elementor-widget-text-editor\" data-id=\"21686ab\" data-element_type=\"widget\" data-e-type=\"widget\" data-widget_type=\"text-editor.default\">\n\t\t\t\t\t\t\t\t\t<p>CWS acts as a key platform for managing the traceability of critical elements throughout the entire construction cycle, from the manufacturing and placement of tunnel segments in tunnels constructed with TBMs to the comprehensive control of sensitive materials such as explosives. Through the digitization and systematic recording of each element, the platform allows for real time tracking of its origin, location, status, and evolution, guaranteeing complete control and full traceability. This capability not only improves safety and optimizes logistical processes but also provides a solid information base for decision making in complex civil engineering and mining projects.<\/p>\t\t\t\t\t\t\t\t<\/div>\n\t\t\t\t<div class=\"elementor-element elementor-element-e50f011 elementor-widget elementor-widget-image\" data-id=\"e50f011\" data-element_type=\"widget\" data-e-type=\"widget\" data-widget_type=\"image.default\">\n\t\t\t\t\t\t\t\t\t\t\t\t\t\t\t<img fetchpriority=\"high\" decoding=\"async\" width=\"950\" height=\"534\" src=\"https:\/\/cws.www.civilnova.com\/wp-content\/uploads\/2026\/03\/trazabilidad-1024x576.jpg\" class=\"attachment-large size-large wp-image-8500\" alt=\"\" srcset=\"https:\/\/cws.www.civilnova.com\/wp-content\/uploads\/2026\/03\/trazabilidad-1024x576.jpg 1024w, https:\/\/cws.www.civilnova.com\/wp-content\/uploads\/2026\/03\/trazabilidad-300x169.jpg 300w, https:\/\/cws.www.civilnova.com\/wp-content\/uploads\/2026\/03\/trazabilidad-18x10.jpg 18w, https:\/\/cws.www.civilnova.com\/wp-content\/uploads\/2026\/03\/trazabilidad-1536x864.jpg 1536w, https:\/\/cws.www.civilnova.com\/wp-content\/uploads\/2026\/03\/trazabilidad-600x338.jpg 600w, https:\/\/cws.www.civilnova.com\/wp-content\/uploads\/2026\/03\/trazabilidad-1200x675.jpg 1200w, https:\/\/cws.www.civilnova.com\/wp-content\/uploads\/2026\/03\/trazabilidad.jpg 1920w\" sizes=\"100vw\" \/>\t\t\t\t\t\t\t\t\t\t\t\t\t\t\t<\/div>\n\t\t\t\t\t<\/div>\n\t\t\t\t<\/div>\n\t\t<div class=\"elementor-element elementor-element-9f97a1d e-grid e-con-boxed e-con e-parent\" data-id=\"9f97a1d\" data-element_type=\"container\" data-e-type=\"container\">\n\t\t\t\t\t<div class=\"e-con-inner\">\n\t\t\t\t<div class=\"elementor-element elementor-element-c91afce elementor-widget elementor-widget-image\" data-id=\"c91afce\" data-element_type=\"widget\" data-e-type=\"widget\" data-widget_type=\"image.default\">\n\t\t\t\t\t\t\t\t\t\t\t\t\t\t\t\t<a href=\"https:\/\/ances.com\/sello-eibt-ances\">\n\t\t\t\t\t\t\t<img decoding=\"async\" src=\"http:\/\/www.civilnova.com\/wp-content\/uploads\/2026\/02\/EIBT_resized.png\" title=\"\" alt=\"\" loading=\"lazy\" \/>\t\t\t\t\t\t\t\t<\/a>\n\t\t\t\t\t\t\t\t\t\t\t\t\t\t\t<\/div>\n\t\t\t\t<div class=\"elementor-element elementor-element-19c9935 elementor-widget elementor-widget-image\" data-id=\"19c9935\" data-element_type=\"widget\" data-e-type=\"widget\" data-widget_type=\"image.default\">\n\t\t\t\t\t\t\t\t\t\t\t\t\t\t\t\t<a href=\"https:\/\/www.buildingsmart.es\/\">\n\t\t\t\t\t\t\t<img decoding=\"async\" src=\"http:\/\/www.civilnova.com\/wp-content\/uploads\/2026\/02\/buidlingSMART_330-1.jpg\" title=\"\" alt=\"\" loading=\"lazy\" \/>\t\t\t\t\t\t\t\t<\/a>\n\t\t\t\t\t\t\t\t\t\t\t\t\t\t\t<\/div>\n\t\t\t\t\t<\/div>\n\t\t\t\t<\/div>\n\t\t<div class=\"elementor-element elementor-element-4036a74 e-flex e-con-boxed e-con e-parent\" data-id=\"4036a74\" data-element_type=\"container\" data-e-type=\"container\">\n\t\t\t\t\t<div class=\"e-con-inner\">\n\t\t\t\t\t<\/div>\n\t\t\t\t<\/div>\n\t\t\t\t<\/div>","protected":false},"excerpt":{"rendered":"<p>Trazabilidad CWS act\u00faa como una plataforma clave para la gesti\u00f3n de la trazabilidad de elementos cr\u00edticos a lo largo de todo el ciclo constructivo, desde la fabricaci\u00f3n y colocaci\u00f3n de dovelas en t\u00faneles ejecutados con TBM hasta el control exhaustivo de materiales sensibles como los explosivos. Mediante la digitalizaci\u00f3n y el registro sistem\u00e1tico de cada &hellip; <\/p>\n<p class=\"link-more\"><a href=\"https:\/\/cws.www.civilnova.com\/en\/trazabillidad\/\" class=\"more-link\">Read more<span class=\"screen-reader-text\"> \u00abTrazabillidad\u00bb<\/span><\/a><\/p>","protected":false},"author":1,"featured_media":0,"parent":0,"menu_order":0,"comment_status":"closed","ping_status":"closed","template":"","meta":{"inspiro_hide_title":false,"footnotes":""},"class_list":["post-8058","page","type-page","status-publish","hentry"],"featured_media_urls":[],"_links":{"self":[{"href":"https:\/\/cws.www.civilnova.com\/en\/wp-json\/wp\/v2\/pages\/8058","targetHints":{"allow":["GET"]}}],"collection":[{"href":"https:\/\/cws.www.civilnova.com\/en\/wp-json\/wp\/v2\/pages"}],"about":[{"href":"https:\/\/cws.www.civilnova.com\/en\/wp-json\/wp\/v2\/types\/page"}],"author":[{"embeddable":true,"href":"https:\/\/cws.www.civilnova.com\/en\/wp-json\/wp\/v2\/users\/1"}],"replies":[{"embeddable":true,"href":"https:\/\/cws.www.civilnova.com\/en\/wp-json\/wp\/v2\/comments?post=8058"}],"version-history":[{"count":26,"href":"https:\/\/cws.www.civilnova.com\/en\/wp-json\/wp\/v2\/pages\/8058\/revisions"}],"predecessor-version":[{"id":8527,"href":"https:\/\/cws.www.civilnova.com\/en\/wp-json\/wp\/v2\/pages\/8058\/revisions\/8527"}],"wp:attachment":[{"href":"https:\/\/cws.www.civilnova.com\/en\/wp-json\/wp\/v2\/media?parent=8058"}],"curies":[{"name":"wp","href":"https:\/\/api.w.org\/{rel}","templated":true}]}}