{"id":8055,"date":"2026-03-16T08:29:49","date_gmt":"2026-03-16T07:29:49","guid":{"rendered":"http:\/\/cws.www.civilnova.com\/?page_id=8055"},"modified":"2026-03-26T10:57:27","modified_gmt":"2026-03-26T09:57:27","slug":"monitorizacion","status":"publish","type":"page","link":"https:\/\/cws.www.civilnova.com\/en\/monitorizacion\/","title":{"rendered":"Monitorizacion"},"content":{"rendered":"<div data-elementor-type=\"wp-page\" data-elementor-id=\"8055\" class=\"elementor elementor-8055\">\n\t\t\t\t<div class=\"elementor-element elementor-element-41bd74f e-flex e-con-boxed e-con e-parent\" data-id=\"41bd74f\" data-element_type=\"container\" data-e-type=\"container\">\n\t\t\t\t\t<div class=\"e-con-inner\">\n\t\t\t\t<div class=\"elementor-element elementor-element-6e4603a elementor-widget elementor-widget-heading\" data-id=\"6e4603a\" data-element_type=\"widget\" data-e-type=\"widget\" data-widget_type=\"heading.default\">\n\t\t\t\t\t<h1 class=\"elementor-heading-title elementor-size-default\">Monitoring<\/h1>\t\t\t\t<\/div>\n\t\t\t\t\t<\/div>\n\t\t\t\t<\/div>\n\t\t<div class=\"elementor-element elementor-element-a0cd8e2 e-flex e-con-boxed e-con e-parent\" data-id=\"a0cd8e2\" data-element_type=\"container\" data-e-type=\"container\">\n\t\t\t\t\t<div class=\"e-con-inner\">\n\t\t\t\t<div class=\"elementor-element elementor-element-21686ab elementor-widget elementor-widget-text-editor\" data-id=\"21686ab\" data-element_type=\"widget\" data-e-type=\"widget\" data-widget_type=\"text-editor.default\">\n\t\t\t\t\t\t\t\t\t<p>\u00a0<\/p><p>CWS enables the centralization and optimization of monitoring system management in critical infrastructure such as slopes, tunnels, and structures, facilitating the integration of data from geotechnical instrumentation and sensors in real time. Through a cloud based platform, technical teams can visualize, analyze, and correlate key information to anticipate anomalous behavior, improve decision making, and ensure the safety of operations in demanding environments.<\/p><p>Furthermore, CWS is driving the digitalization of monitoring and control processes, aligning with Industry 4.0 principles and regulatory compliance. Automated alerts, report generation, and complete data traceability increase operational efficiency and reduce risks, providing greater control over the infrastructure lifecycle and contributing to more sustainable and productive management.<\/p>\t\t\t\t\t\t\t\t<\/div>\n\t\t\t\t\t<\/div>\n\t\t\t\t<\/div>\n\t\t<div class=\"elementor-element elementor-element-1b2e9b1 e-flex e-con-boxed e-con e-parent\" data-id=\"1b2e9b1\" data-element_type=\"container\" data-e-type=\"container\">\n\t\t\t\t\t<div class=\"e-con-inner\">\n\t\t\t\t<div class=\"elementor-element elementor-element-8592c83 elementor-widget elementor-widget-image\" data-id=\"8592c83\" data-element_type=\"widget\" data-e-type=\"widget\" data-widget_type=\"image.default\">\n\t\t\t\t\t\t\t\t\t\t\t\t\t\t\t<img fetchpriority=\"high\" decoding=\"async\" width=\"950\" height=\"713\" src=\"https:\/\/cws.www.civilnova.com\/wp-content\/uploads\/2026\/03\/monitorizacion.jpg\" class=\"attachment-large size-large wp-image-8499\" alt=\"\" srcset=\"https:\/\/cws.www.civilnova.com\/wp-content\/uploads\/2026\/03\/monitorizacion.jpg 1000w, https:\/\/cws.www.civilnova.com\/wp-content\/uploads\/2026\/03\/monitorizacion-300x225.jpg 300w, https:\/\/cws.www.civilnova.com\/wp-content\/uploads\/2026\/03\/monitorizacion-16x12.jpg 16w, https:\/\/cws.www.civilnova.com\/wp-content\/uploads\/2026\/03\/monitorizacion-600x450.jpg 600w\" sizes=\"100vw\" \/>\t\t\t\t\t\t\t\t\t\t\t\t\t\t\t<\/div>\n\t\t\t\t\t<\/div>\n\t\t\t\t<\/div>\n\t\t<div class=\"elementor-element elementor-element-9f97a1d e-grid e-con-boxed e-con e-parent\" data-id=\"9f97a1d\" data-element_type=\"container\" data-e-type=\"container\">\n\t\t\t\t\t<div class=\"e-con-inner\">\n\t\t\t\t<div class=\"elementor-element elementor-element-c91afce elementor-widget elementor-widget-image\" data-id=\"c91afce\" data-element_type=\"widget\" data-e-type=\"widget\" data-widget_type=\"image.default\">\n\t\t\t\t\t\t\t\t\t\t\t\t\t\t\t\t<a href=\"https:\/\/ances.com\/sello-eibt-ances\">\n\t\t\t\t\t\t\t<img decoding=\"async\" src=\"http:\/\/www.civilnova.com\/wp-content\/uploads\/2026\/02\/EIBT_resized.png\" title=\"\" alt=\"\" loading=\"lazy\" \/>\t\t\t\t\t\t\t\t<\/a>\n\t\t\t\t\t\t\t\t\t\t\t\t\t\t\t<\/div>\n\t\t\t\t<div class=\"elementor-element elementor-element-19c9935 elementor-widget elementor-widget-image\" data-id=\"19c9935\" data-element_type=\"widget\" data-e-type=\"widget\" data-widget_type=\"image.default\">\n\t\t\t\t\t\t\t\t\t\t\t\t\t\t\t\t<a href=\"https:\/\/www.buildingsmart.es\/\">\n\t\t\t\t\t\t\t<img decoding=\"async\" src=\"http:\/\/www.civilnova.com\/wp-content\/uploads\/2026\/02\/buidlingSMART_330-1.jpg\" title=\"\" alt=\"\" loading=\"lazy\" \/>\t\t\t\t\t\t\t\t<\/a>\n\t\t\t\t\t\t\t\t\t\t\t\t\t\t\t<\/div>\n\t\t\t\t\t<\/div>\n\t\t\t\t<\/div>\n\t\t\t\t<\/div>","protected":false},"excerpt":{"rendered":"<p>Monitorizaci\u00f3n \u00a0 CWS permite centralizar y optimizar la gesti\u00f3n de sistemas de monitorizaci\u00f3n en infraestructuras cr\u00edticas como taludes, t\u00faneles y estructuras, facilitando la integraci\u00f3n de datos procedentes de instrumentaci\u00f3n geot\u00e9cnica y sensores en tiempo real. A trav\u00e9s de una plataforma en la nube, los equipos t\u00e9cnicos pueden visualizar, analizar y correlacionar informaci\u00f3n clave para anticipar &hellip; <\/p>\n<p class=\"link-more\"><a href=\"https:\/\/cws.www.civilnova.com\/en\/monitorizacion\/\" class=\"more-link\">Read more<span class=\"screen-reader-text\"> \u00abMonitorizacion\u00bb<\/span><\/a><\/p>","protected":false},"author":1,"featured_media":0,"parent":0,"menu_order":0,"comment_status":"closed","ping_status":"closed","template":"","meta":{"inspiro_hide_title":false,"footnotes":""},"class_list":["post-8055","page","type-page","status-publish","hentry"],"featured_media_urls":[],"_links":{"self":[{"href":"https:\/\/cws.www.civilnova.com\/en\/wp-json\/wp\/v2\/pages\/8055","targetHints":{"allow":["GET"]}}],"collection":[{"href":"https:\/\/cws.www.civilnova.com\/en\/wp-json\/wp\/v2\/pages"}],"about":[{"href":"https:\/\/cws.www.civilnova.com\/en\/wp-json\/wp\/v2\/types\/page"}],"author":[{"embeddable":true,"href":"https:\/\/cws.www.civilnova.com\/en\/wp-json\/wp\/v2\/users\/1"}],"replies":[{"embeddable":true,"href":"https:\/\/cws.www.civilnova.com\/en\/wp-json\/wp\/v2\/comments?post=8055"}],"version-history":[{"count":17,"href":"https:\/\/cws.www.civilnova.com\/en\/wp-json\/wp\/v2\/pages\/8055\/revisions"}],"predecessor-version":[{"id":8524,"href":"https:\/\/cws.www.civilnova.com\/en\/wp-json\/wp\/v2\/pages\/8055\/revisions\/8524"}],"wp:attachment":[{"href":"https:\/\/cws.www.civilnova.com\/en\/wp-json\/wp\/v2\/media?parent=8055"}],"curies":[{"name":"wp","href":"https:\/\/api.w.org\/{rel}","templated":true}]}}