{"id":8054,"date":"2026-03-16T08:30:12","date_gmt":"2026-03-16T07:30:12","guid":{"rendered":"http:\/\/cws.www.civilnova.com\/?page_id=8054"},"modified":"2026-03-26T10:55:04","modified_gmt":"2026-03-26T09:55:04","slug":"inspecciones","status":"publish","type":"page","link":"https:\/\/cws.www.civilnova.com\/en\/inspecciones\/","title":{"rendered":"Inspections"},"content":{"rendered":"<div data-elementor-type=\"wp-page\" data-elementor-id=\"8054\" class=\"elementor elementor-8054\">\n\t\t\t\t<div class=\"elementor-element elementor-element-41bd74f e-flex e-con-boxed e-con e-parent\" data-id=\"41bd74f\" data-element_type=\"container\" data-e-type=\"container\">\n\t\t\t\t\t<div class=\"e-con-inner\">\n\t\t\t\t<div class=\"elementor-element elementor-element-6e4603a elementor-widget elementor-widget-heading\" data-id=\"6e4603a\" data-element_type=\"widget\" data-e-type=\"widget\" data-widget_type=\"heading.default\">\n\t\t\t\t\t<h1 class=\"elementor-heading-title elementor-size-default\">Inspections<\/h1>\t\t\t\t<\/div>\n\t\t\t\t\t<\/div>\n\t\t\t\t<\/div>\n\t\t<div class=\"elementor-element elementor-element-a0cd8e2 e-flex e-con-boxed e-con e-parent\" data-id=\"a0cd8e2\" data-element_type=\"container\" data-e-type=\"container\">\n\t\t\t\t\t<div class=\"e-con-inner\">\n\t\t\t\t<div class=\"elementor-element elementor-element-21686ab elementor-widget elementor-widget-text-editor\" data-id=\"21686ab\" data-element_type=\"widget\" data-e-type=\"widget\" data-widget_type=\"text-editor.default\">\n\t\t\t\t\t\t\t\t\t<p>\u00a0<\/p><p>CWS facilitates the comprehensive management of all types of infrastructure inspections, allowing for the structured and accessible recording, centralization, and analysis of field data. Through a cloud based platform, technical teams can integrate data from visual inspections, tests, and monitoring with other relevant parameters, obtaining a comprehensive and up to date overview of the condition of assets such as tunnels, slopes, and structures.<\/p><p>Furthermore, CWS is driving the digitization of inspection processes, aligning with the principles of Industry 4.0. The combination of historical data, status indicators, and automated analysis allows for prioritizing interventions, optimizing investment planning, and improving strategic decision making, increasing operational efficiency and contributing to safer, more sustainable, and data driven management.<\/p>\t\t\t\t\t\t\t\t<\/div>\n\t\t\t\t\t<\/div>\n\t\t\t\t<\/div>\n\t\t<div class=\"elementor-element elementor-element-deda8ff e-flex e-con-boxed e-con e-parent\" data-id=\"deda8ff\" data-element_type=\"container\" data-e-type=\"container\">\n\t\t\t\t\t<div class=\"e-con-inner\">\n\t\t\t\t<div class=\"elementor-element elementor-element-e48337e elementor-widget elementor-widget-image\" data-id=\"e48337e\" data-element_type=\"widget\" data-e-type=\"widget\" data-widget_type=\"image.default\">\n\t\t\t\t\t\t\t\t\t\t\t\t\t\t\t<img fetchpriority=\"high\" decoding=\"async\" width=\"326\" height=\"212\" src=\"https:\/\/cws.www.civilnova.com\/wp-content\/uploads\/2026\/03\/Captura-desde-2026-03-26-09-48-49.png\" class=\"attachment-large size-large wp-image-8471\" alt=\"\" srcset=\"https:\/\/cws.www.civilnova.com\/wp-content\/uploads\/2026\/03\/Captura-desde-2026-03-26-09-48-49.png 326w, https:\/\/cws.www.civilnova.com\/wp-content\/uploads\/2026\/03\/Captura-desde-2026-03-26-09-48-49-300x195.png 300w, https:\/\/cws.www.civilnova.com\/wp-content\/uploads\/2026\/03\/Captura-desde-2026-03-26-09-48-49-18x12.png 18w\" sizes=\"100vw\" \/>\t\t\t\t\t\t\t\t\t\t\t\t\t\t\t<\/div>\n\t\t\t\t\t<\/div>\n\t\t\t\t<\/div>\n\t\t<div class=\"elementor-element elementor-element-9f97a1d e-grid e-con-boxed e-con e-parent\" data-id=\"9f97a1d\" data-element_type=\"container\" data-e-type=\"container\">\n\t\t\t\t\t<div class=\"e-con-inner\">\n\t\t\t\t<div class=\"elementor-element elementor-element-c91afce elementor-widget elementor-widget-image\" data-id=\"c91afce\" data-element_type=\"widget\" data-e-type=\"widget\" data-widget_type=\"image.default\">\n\t\t\t\t\t\t\t\t\t\t\t\t\t\t\t\t<a href=\"https:\/\/ances.com\/sello-eibt-ances\">\n\t\t\t\t\t\t\t<img decoding=\"async\" src=\"http:\/\/www.civilnova.com\/wp-content\/uploads\/2026\/02\/EIBT_resized.png\" title=\"\" alt=\"\" loading=\"lazy\" \/>\t\t\t\t\t\t\t\t<\/a>\n\t\t\t\t\t\t\t\t\t\t\t\t\t\t\t<\/div>\n\t\t\t\t<div class=\"elementor-element elementor-element-19c9935 elementor-widget elementor-widget-image\" data-id=\"19c9935\" data-element_type=\"widget\" data-e-type=\"widget\" data-widget_type=\"image.default\">\n\t\t\t\t\t\t\t\t\t\t\t\t\t\t\t\t<a href=\"https:\/\/www.buildingsmart.es\/\">\n\t\t\t\t\t\t\t<img decoding=\"async\" src=\"http:\/\/www.civilnova.com\/wp-content\/uploads\/2026\/02\/buidlingSMART_330-1.jpg\" title=\"\" alt=\"\" loading=\"lazy\" \/>\t\t\t\t\t\t\t\t<\/a>\n\t\t\t\t\t\t\t\t\t\t\t\t\t\t\t<\/div>\n\t\t\t\t\t<\/div>\n\t\t\t\t<\/div>\n\t\t\t\t<\/div>","protected":false},"excerpt":{"rendered":"<p>Inspecciones \u00a0 CWS facilita la gesti\u00f3n integral de todo tipo de inspecciones en infraestructuras, permitiendo registrar, centralizar y explotar la informaci\u00f3n obtenida en campo de forma estructurada y accesible. A trav\u00e9s de una plataforma en la nube, los equipos t\u00e9cnicos pueden integrar datos de inspecciones visuales, ensayos y auscultaci\u00f3n con otros par\u00e1metros relevantes, obteniendo una &hellip; <\/p>\n<p class=\"link-more\"><a href=\"https:\/\/cws.www.civilnova.com\/en\/inspecciones\/\" class=\"more-link\">Read more<span class=\"screen-reader-text\"> \u00abInspecciones\u00bb<\/span><\/a><\/p>","protected":false},"author":1,"featured_media":0,"parent":0,"menu_order":0,"comment_status":"closed","ping_status":"closed","template":"","meta":{"inspiro_hide_title":false,"footnotes":""},"class_list":["post-8054","page","type-page","status-publish","hentry"],"featured_media_urls":[],"_links":{"self":[{"href":"https:\/\/cws.www.civilnova.com\/en\/wp-json\/wp\/v2\/pages\/8054","targetHints":{"allow":["GET"]}}],"collection":[{"href":"https:\/\/cws.www.civilnova.com\/en\/wp-json\/wp\/v2\/pages"}],"about":[{"href":"https:\/\/cws.www.civilnova.com\/en\/wp-json\/wp\/v2\/types\/page"}],"author":[{"embeddable":true,"href":"https:\/\/cws.www.civilnova.com\/en\/wp-json\/wp\/v2\/users\/1"}],"replies":[{"embeddable":true,"href":"https:\/\/cws.www.civilnova.com\/en\/wp-json\/wp\/v2\/comments?post=8054"}],"version-history":[{"count":17,"href":"https:\/\/cws.www.civilnova.com\/en\/wp-json\/wp\/v2\/pages\/8054\/revisions"}],"predecessor-version":[{"id":8513,"href":"https:\/\/cws.www.civilnova.com\/en\/wp-json\/wp\/v2\/pages\/8054\/revisions\/8513"}],"wp:attachment":[{"href":"https:\/\/cws.www.civilnova.com\/en\/wp-json\/wp\/v2\/media?parent=8054"}],"curies":[{"name":"wp","href":"https:\/\/api.w.org\/{rel}","templated":true}]}}