{"id":8053,"date":"2026-03-16T08:30:32","date_gmt":"2026-03-16T07:30:32","guid":{"rendered":"http:\/\/cws.www.civilnova.com\/?page_id=8053"},"modified":"2026-03-26T10:54:00","modified_gmt":"2026-03-26T09:54:00","slug":"inventario","status":"publish","type":"page","link":"https:\/\/cws.www.civilnova.com\/en\/inventario\/","title":{"rendered":"Inventory"},"content":{"rendered":"<div data-elementor-type=\"wp-page\" data-elementor-id=\"8053\" class=\"elementor elementor-8053\">\n\t\t\t\t<div class=\"elementor-element elementor-element-41bd74f e-flex e-con-boxed e-con e-parent\" data-id=\"41bd74f\" data-element_type=\"container\" data-e-type=\"container\">\n\t\t\t\t\t<div class=\"e-con-inner\">\n\t\t\t\t<div class=\"elementor-element elementor-element-6e4603a elementor-widget elementor-widget-heading\" data-id=\"6e4603a\" data-element_type=\"widget\" data-e-type=\"widget\" data-widget_type=\"heading.default\">\n\t\t\t\t\t<h1 class=\"elementor-heading-title elementor-size-default\">Inventory<\/h1>\t\t\t\t<\/div>\n\t\t\t\t\t<\/div>\n\t\t\t\t<\/div>\n\t\t<div class=\"elementor-element elementor-element-a0cd8e2 e-flex e-con-boxed e-con e-parent\" data-id=\"a0cd8e2\" data-element_type=\"container\" data-e-type=\"container\">\n\t\t\t\t\t<div class=\"e-con-inner\">\n\t\t\t\t<div class=\"elementor-element elementor-element-21686ab elementor-widget elementor-widget-text-editor\" data-id=\"21686ab\" data-element_type=\"widget\" data-e-type=\"widget\" data-widget_type=\"text-editor.default\">\n\t\t\t\t\t\t\t\t\t<p>\u00a0<\/p><p>\u00a0<\/p><p>CWS offers a comprehensive solution for infrastructure inventory management, centralizing all asset related information such as structural elements, equipment, materials, and critical components on a single platform. Its cloud based approach facilitates real time access to up to date data, improving visibility, control, and organization of inventories throughout the entire infrastructure lifecycle.<\/p><p>Furthermore, CWS is driving the digitization and automation of inventory processes, aligning with Industry 4.0 principles and regulatory compliance. Complete asset traceability, along with automated report generation and integration with other systems, enables optimized planning, reduced losses, and improved operational efficiency, contributing to smarter, safer, and more sustainable management.<\/p>\t\t\t\t\t\t\t\t<\/div>\n\t\t\t\t<div class=\"elementor-element elementor-element-800e292 elementor-widget elementor-widget-image\" data-id=\"800e292\" data-element_type=\"widget\" data-e-type=\"widget\" data-widget_type=\"image.default\">\n\t\t\t\t\t\t\t\t\t\t\t\t\t\t\t<img fetchpriority=\"high\" decoding=\"async\" width=\"950\" height=\"538\" src=\"https:\/\/cws.www.civilnova.com\/wp-content\/uploads\/2026\/03\/inventario-1024x580.jpg\" class=\"attachment-large size-large wp-image-8498\" alt=\"\" srcset=\"https:\/\/cws.www.civilnova.com\/wp-content\/uploads\/2026\/03\/inventario-1024x580.jpg 1024w, https:\/\/cws.www.civilnova.com\/wp-content\/uploads\/2026\/03\/inventario-300x170.jpg 300w, https:\/\/cws.www.civilnova.com\/wp-content\/uploads\/2026\/03\/inventario-18x10.jpg 18w, https:\/\/cws.www.civilnova.com\/wp-content\/uploads\/2026\/03\/inventario-600x340.jpg 600w, https:\/\/cws.www.civilnova.com\/wp-content\/uploads\/2026\/03\/inventario-1200x679.jpg 1200w, https:\/\/cws.www.civilnova.com\/wp-content\/uploads\/2026\/03\/inventario.jpg 1526w\" sizes=\"100vw\" \/>\t\t\t\t\t\t\t\t\t\t\t\t\t\t\t<\/div>\n\t\t\t\t\t<\/div>\n\t\t\t\t<\/div>\n\t\t<div class=\"elementor-element elementor-element-9f97a1d e-grid e-con-boxed e-con e-parent\" data-id=\"9f97a1d\" data-element_type=\"container\" data-e-type=\"container\">\n\t\t\t\t\t<div class=\"e-con-inner\">\n\t\t\t\t<div class=\"elementor-element elementor-element-c91afce elementor-widget elementor-widget-image\" data-id=\"c91afce\" data-element_type=\"widget\" data-e-type=\"widget\" data-widget_type=\"image.default\">\n\t\t\t\t\t\t\t\t\t\t\t\t\t\t\t\t<a href=\"https:\/\/ances.com\/sello-eibt-ances\">\n\t\t\t\t\t\t\t<img decoding=\"async\" src=\"http:\/\/www.civilnova.com\/wp-content\/uploads\/2026\/02\/EIBT_resized.png\" title=\"\" alt=\"\" loading=\"lazy\" \/>\t\t\t\t\t\t\t\t<\/a>\n\t\t\t\t\t\t\t\t\t\t\t\t\t\t\t<\/div>\n\t\t\t\t<div class=\"elementor-element elementor-element-19c9935 elementor-widget elementor-widget-image\" data-id=\"19c9935\" data-element_type=\"widget\" data-e-type=\"widget\" data-widget_type=\"image.default\">\n\t\t\t\t\t\t\t\t\t\t\t\t\t\t\t\t<a href=\"https:\/\/www.buildingsmart.es\/\">\n\t\t\t\t\t\t\t<img decoding=\"async\" src=\"http:\/\/www.civilnova.com\/wp-content\/uploads\/2026\/02\/buidlingSMART_330-1.jpg\" title=\"\" alt=\"\" loading=\"lazy\" \/>\t\t\t\t\t\t\t\t<\/a>\n\t\t\t\t\t\t\t\t\t\t\t\t\t\t\t<\/div>\n\t\t\t\t\t<\/div>\n\t\t\t\t<\/div>\n\t\t<div class=\"elementor-element elementor-element-a7ef2ab e-flex e-con-boxed e-con e-parent\" data-id=\"a7ef2ab\" data-element_type=\"container\" data-e-type=\"container\">\n\t\t\t\t\t<div class=\"e-con-inner\">\n\t\t\t\t\t<\/div>\n\t\t\t\t<\/div>\n\t\t\t\t<\/div>","protected":false},"excerpt":{"rendered":"<p>Inventario \u00a0 \u00a0 CWS ofrece una soluci\u00f3n integral para la gesti\u00f3n de inventarios en infraestructuras, permitiendo centralizar en una \u00fanica plataforma toda la informaci\u00f3n asociada a activos como elementos estructurales, equipos, materiales o componentes cr\u00edticos. Gracias a su enfoque en la nube, facilita el acceso en tiempo real a datos actualizados, mejorando la visibilidad, el &hellip; <\/p>\n<p class=\"link-more\"><a href=\"https:\/\/cws.www.civilnova.com\/en\/inventario\/\" class=\"more-link\">Read more<span class=\"screen-reader-text\"> \u00abInventario\u00bb<\/span><\/a><\/p>","protected":false},"author":1,"featured_media":0,"parent":0,"menu_order":0,"comment_status":"closed","ping_status":"closed","template":"","meta":{"inspiro_hide_title":false,"footnotes":""},"class_list":["post-8053","page","type-page","status-publish","hentry"],"featured_media_urls":[],"_links":{"self":[{"href":"https:\/\/cws.www.civilnova.com\/en\/wp-json\/wp\/v2\/pages\/8053","targetHints":{"allow":["GET"]}}],"collection":[{"href":"https:\/\/cws.www.civilnova.com\/en\/wp-json\/wp\/v2\/pages"}],"about":[{"href":"https:\/\/cws.www.civilnova.com\/en\/wp-json\/wp\/v2\/types\/page"}],"author":[{"embeddable":true,"href":"https:\/\/cws.www.civilnova.com\/en\/wp-json\/wp\/v2\/users\/1"}],"replies":[{"embeddable":true,"href":"https:\/\/cws.www.civilnova.com\/en\/wp-json\/wp\/v2\/comments?post=8053"}],"version-history":[{"count":31,"href":"https:\/\/cws.www.civilnova.com\/en\/wp-json\/wp\/v2\/pages\/8053\/revisions"}],"predecessor-version":[{"id":8510,"href":"https:\/\/cws.www.civilnova.com\/en\/wp-json\/wp\/v2\/pages\/8053\/revisions\/8510"}],"wp:attachment":[{"href":"https:\/\/cws.www.civilnova.com\/en\/wp-json\/wp\/v2\/media?parent=8053"}],"curies":[{"name":"wp","href":"https:\/\/api.w.org\/{rel}","templated":true}]}}