{"id":8051,"date":"2026-03-16T08:30:58","date_gmt":"2026-03-16T07:30:58","guid":{"rendered":"http:\/\/cws.www.civilnova.com\/?page_id=8051"},"modified":"2026-03-26T11:00:15","modified_gmt":"2026-03-26T10:00:15","slug":"visualizacion-3d-y-bim","status":"publish","type":"page","link":"https:\/\/cws.www.civilnova.com\/en\/visualizacion-3d-y-bim\/","title":{"rendered":"Visualizacion 3D y BIM"},"content":{"rendered":"<div data-elementor-type=\"wp-page\" data-elementor-id=\"8051\" class=\"elementor elementor-8051\">\n\t\t\t\t<div class=\"elementor-element elementor-element-41bd74f e-flex e-con-boxed e-con e-parent\" data-id=\"41bd74f\" data-element_type=\"container\" data-e-type=\"container\">\n\t\t\t\t\t<div class=\"e-con-inner\">\n\t\t\t\t<div class=\"elementor-element elementor-element-6e4603a elementor-widget elementor-widget-heading\" data-id=\"6e4603a\" data-element_type=\"widget\" data-e-type=\"widget\" data-widget_type=\"heading.default\">\n\t\t\t\t\t<h1 class=\"elementor-heading-title elementor-size-default\">3D Visualization and BIM<\/h1>\t\t\t\t<\/div>\n\t\t\t\t\t<\/div>\n\t\t\t\t<\/div>\n\t\t<div class=\"elementor-element elementor-element-a0cd8e2 e-flex e-con-boxed e-con e-parent\" data-id=\"a0cd8e2\" data-element_type=\"container\" data-e-type=\"container\">\n\t\t\t\t\t<div class=\"e-con-inner\">\n\t\t\t\t<div class=\"elementor-element elementor-element-21686ab elementor-widget elementor-widget-text-editor\" data-id=\"21686ab\" data-element_type=\"widget\" data-e-type=\"widget\" data-widget_type=\"text-editor.default\">\n\t\t\t\t\t\t\t\t\t<p>\u00a0<\/p><p>CWS expands infrastructure analysis and understanding capabilities through the integration and advanced visualization of point clouds, 360 degree photographs, and BIM models in the open IFC format. From a single cloud platform, users can explore highly detailed digital environments, facilitating remote inspection, progress validation, and the detection of potential issues. This convergence of geometric and visual data improves team coordination, optimizes decision making, and drives more efficient, collaborative management aligned with open industry standards.<\/p>\t\t\t\t\t\t\t\t<\/div>\n\t\t\t\t\t<\/div>\n\t\t\t\t<\/div>\n\t\t<div class=\"elementor-element elementor-element-cc8f6b1 e-flex e-con-boxed e-con e-parent\" data-id=\"cc8f6b1\" data-element_type=\"container\" data-e-type=\"container\">\n\t\t\t\t\t<div class=\"e-con-inner\">\n\t\t\t\t<div class=\"elementor-element elementor-element-bbecb44 elementor-widget elementor-widget-image\" data-id=\"bbecb44\" data-element_type=\"widget\" data-e-type=\"widget\" data-widget_type=\"image.default\">\n\t\t\t\t\t\t\t\t\t\t\t\t\t\t\t<img fetchpriority=\"high\" decoding=\"async\" width=\"675\" height=\"400\" src=\"https:\/\/cws.www.civilnova.com\/wp-content\/uploads\/2026\/03\/centenario2.jpg\" class=\"attachment-large size-large wp-image-8528\" alt=\"\" srcset=\"https:\/\/cws.www.civilnova.com\/wp-content\/uploads\/2026\/03\/centenario2.jpg 675w, https:\/\/cws.www.civilnova.com\/wp-content\/uploads\/2026\/03\/centenario2-300x178.jpg 300w, https:\/\/cws.www.civilnova.com\/wp-content\/uploads\/2026\/03\/centenario2-18x12.jpg 18w, https:\/\/cws.www.civilnova.com\/wp-content\/uploads\/2026\/03\/centenario2-600x356.jpg 600w\" sizes=\"100vw\" \/>\t\t\t\t\t\t\t\t\t\t\t\t\t\t\t<\/div>\n\t\t\t\t\t<\/div>\n\t\t\t\t<\/div>\n\t\t<div class=\"elementor-element elementor-element-9f97a1d e-grid e-con-boxed e-con e-parent\" data-id=\"9f97a1d\" data-element_type=\"container\" data-e-type=\"container\">\n\t\t\t\t\t<div class=\"e-con-inner\">\n\t\t\t\t<div class=\"elementor-element elementor-element-c91afce elementor-widget elementor-widget-image\" data-id=\"c91afce\" data-element_type=\"widget\" data-e-type=\"widget\" data-widget_type=\"image.default\">\n\t\t\t\t\t\t\t\t\t\t\t\t\t\t\t\t<a href=\"https:\/\/ances.com\/sello-eibt-ances\">\n\t\t\t\t\t\t\t<img decoding=\"async\" src=\"http:\/\/www.civilnova.com\/wp-content\/uploads\/2026\/02\/EIBT_resized.png\" title=\"\" alt=\"\" loading=\"lazy\" \/>\t\t\t\t\t\t\t\t<\/a>\n\t\t\t\t\t\t\t\t\t\t\t\t\t\t\t<\/div>\n\t\t\t\t<div class=\"elementor-element elementor-element-19c9935 elementor-widget elementor-widget-image\" data-id=\"19c9935\" data-element_type=\"widget\" data-e-type=\"widget\" data-widget_type=\"image.default\">\n\t\t\t\t\t\t\t\t\t\t\t\t\t\t\t\t<a href=\"https:\/\/www.buildingsmart.es\/\">\n\t\t\t\t\t\t\t<img decoding=\"async\" src=\"http:\/\/www.civilnova.com\/wp-content\/uploads\/2026\/02\/buidlingSMART_330-1.jpg\" title=\"\" alt=\"\" loading=\"lazy\" \/>\t\t\t\t\t\t\t\t<\/a>\n\t\t\t\t\t\t\t\t\t\t\t\t\t\t\t<\/div>\n\t\t\t\t\t<\/div>\n\t\t\t\t<\/div>\n\t\t\t\t<\/div>","protected":false},"excerpt":{"rendered":"<p>Visualizaci\u00f3n 3D y BIM \u00a0 CWS ampl\u00eda las capacidades de an\u00e1lisis y comprensi\u00f3n de las infraestructuras mediante la integraci\u00f3n y visualizaci\u00f3n avanzada de nubes de puntos, fotograf\u00edas en 360 grados y modelos BIM en formato abierto IFC. Desde una \u00fanica plataforma en la nube, los usuarios pueden explorar entornos digitales con alto nivel de detalle, &hellip; <\/p>\n<p class=\"link-more\"><a href=\"https:\/\/cws.www.civilnova.com\/en\/visualizacion-3d-y-bim\/\" class=\"more-link\">Read more<span class=\"screen-reader-text\"> \u00abVisualizacion 3D y BIM\u00bb<\/span><\/a><\/p>","protected":false},"author":1,"featured_media":0,"parent":0,"menu_order":0,"comment_status":"closed","ping_status":"closed","template":"","meta":{"inspiro_hide_title":false,"footnotes":""},"class_list":["post-8051","page","type-page","status-publish","hentry"],"featured_media_urls":[],"_links":{"self":[{"href":"https:\/\/cws.www.civilnova.com\/en\/wp-json\/wp\/v2\/pages\/8051","targetHints":{"allow":["GET"]}}],"collection":[{"href":"https:\/\/cws.www.civilnova.com\/en\/wp-json\/wp\/v2\/pages"}],"about":[{"href":"https:\/\/cws.www.civilnova.com\/en\/wp-json\/wp\/v2\/types\/page"}],"author":[{"embeddable":true,"href":"https:\/\/cws.www.civilnova.com\/en\/wp-json\/wp\/v2\/users\/1"}],"replies":[{"embeddable":true,"href":"https:\/\/cws.www.civilnova.com\/en\/wp-json\/wp\/v2\/comments?post=8051"}],"version-history":[{"count":32,"href":"https:\/\/cws.www.civilnova.com\/en\/wp-json\/wp\/v2\/pages\/8051\/revisions"}],"predecessor-version":[{"id":8534,"href":"https:\/\/cws.www.civilnova.com\/en\/wp-json\/wp\/v2\/pages\/8051\/revisions\/8534"}],"wp:attachment":[{"href":"https:\/\/cws.www.civilnova.com\/en\/wp-json\/wp\/v2\/media?parent=8051"}],"curies":[{"name":"wp","href":"https:\/\/api.w.org\/{rel}","templated":true}]}}